{"id":962,"date":"2020-06-29T15:40:41","date_gmt":"2020-06-29T18:40:41","guid":{"rendered":"https:\/\/cberutti-cba.infd.edu.ar\/sitio\/?page_id=962"},"modified":"2022-11-16T19:18:55","modified_gmt":"2022-11-16T22:18:55","slug":"coros","status":"publish","type":"page","link":"https:\/\/cberutti-cba.infd.edu.ar\/sitio\/coros\/","title":{"rendered":"Coros"},"content":{"rendered":"<p><img decoding=\"async\" loading=\"lazy\" class=\"alignnone wp-image-974\" src=\"https:\/\/cberutti-cba.infd.edu.ar\/sitio\/wp-content\/uploads\/2020\/06\/D802400-1000x667.jpg\" alt=\"\" width=\"608\" height=\"405\" srcset=\"https:\/\/cberutti-cba.infd.edu.ar\/sitio\/wp-content\/uploads\/2020\/06\/D802400-1000x667.jpg 1000w, https:\/\/cberutti-cba.infd.edu.ar\/sitio\/wp-content\/uploads\/2020\/06\/D802400-768x512.jpg 768w, https:\/\/cberutti-cba.infd.edu.ar\/sitio\/wp-content\/uploads\/2020\/06\/D802400-1900x1267.jpg 1900w, https:\/\/cberutti-cba.infd.edu.ar\/sitio\/wp-content\/uploads\/2020\/06\/D802400.jpg 2000w\" sizes=\"(max-width: 608px) 100vw, 608px\" \/><\/p>\n<p>El conservatorio tambi\u00e9n cuenta con 3 elencos Corales:<\/p>\n<ul>\n<li>El Coro Infanto Juvenil, que re\u00fane a ni\u00f1os y j\u00f3venes de 10 a 16 a\u00f1os de edad.<\/li>\n<li>El Coro \u201cArmon\u00edas\u201d, es un grupo destinado a aquellos que desean iniciarse en el canto coral.<\/li>\n<li>El Coro de Voz a Vos, agrupaci\u00f3n que re\u00fane personas a partir de los 16 a\u00f1os, con experiencia vocal.<\/li>\n<\/ul>\n<h3>Inscripci\u00f3n<\/h3>\n<p><a href=\"https:\/\/cberutti-cba.infd.edu.ar\/sitio\/inscripciones-2022\/\">Ingres\u00e1 aqu\u00ed<\/a><\/p>\n<p>\u00bfTen\u00e9s alguna duda? <a href=\"https:\/\/cberutti-cba.infd.edu.ar\/sitio\/contacto\/\">Contactanos<\/a> para que podamos asesorarte<\/p>\n","protected":false},"excerpt":{"rendered":"<p>El conservatorio tambi\u00e9n cuenta con 3 elencos Corales: El Coro Infanto Juvenil, que re\u00fane a ni\u00f1os y j\u00f3venes de 10 a 16 a\u00f1os de edad. El Coro \u201cArmon\u00edas\u201d, es un grupo destinado a aquellos que desean iniciarse en el canto coral. El Coro de Voz a Vos, agrupaci\u00f3n que re\u00fane personas a partir de los &#8230; <a title=\"Coros\" class=\"read-more\" href=\"https:\/\/cberutti-cba.infd.edu.ar\/sitio\/coros\/\" aria-label=\"More on Coros\">[+]<\/a><\/p>\n","protected":false},"author":32,"featured_media":0,"parent":0,"menu_order":0,"comment_status":"closed","ping_status":"closed","template":"","meta":[],"acf":[],"_links":{"self":[{"href":"https:\/\/cberutti-cba.infd.edu.ar\/sitio\/wp-json\/wp\/v2\/pages\/962"}],"collection":[{"href":"https:\/\/cberutti-cba.infd.edu.ar\/sitio\/wp-json\/wp\/v2\/pages"}],"about":[{"href":"https:\/\/cberutti-cba.infd.edu.ar\/sitio\/wp-json\/wp\/v2\/types\/page"}],"author":[{"embeddable":true,"href":"https:\/\/cberutti-cba.infd.edu.ar\/sitio\/wp-json\/wp\/v2\/users\/32"}],"replies":[{"embeddable":true,"href":"https:\/\/cberutti-cba.infd.edu.ar\/sitio\/wp-json\/wp\/v2\/comments?post=962"}],"version-history":[{"count":8,"href":"https:\/\/cberutti-cba.infd.edu.ar\/sitio\/wp-json\/wp\/v2\/pages\/962\/revisions"}],"predecessor-version":[{"id":1548,"href":"https:\/\/cberutti-cba.infd.edu.ar\/sitio\/wp-json\/wp\/v2\/pages\/962\/revisions\/1548"}],"wp:attachment":[{"href":"https:\/\/cberutti-cba.infd.edu.ar\/sitio\/wp-json\/wp\/v2\/media?parent=962"}],"curies":[{"name":"wp","href":"https:\/\/api.w.org\/{rel}","templated":true}]}}