{"id":919,"date":"2020-06-26T14:29:45","date_gmt":"2020-06-26T17:29:45","guid":{"rendered":"https:\/\/cberutti-cba.infd.edu.ar\/sitio\/?page_id=919"},"modified":"2020-11-24T13:25:51","modified_gmt":"2020-11-24T16:25:51","slug":"oferta-academica","status":"publish","type":"page","link":"https:\/\/cberutti-cba.infd.edu.ar\/sitio\/oferta-academica\/","title":{"rendered":"OFERTA ACAD\u00c9MICA"},"content":{"rendered":"<h2><img decoding=\"async\" loading=\"lazy\" class=\"alignnone wp-image-955\" src=\"https:\/\/cberutti-cba.infd.edu.ar\/sitio\/wp-content\/uploads\/2020\/06\/guitarra-fender-1000x539.jpg\" alt=\"\" width=\"551\" height=\"297\" srcset=\"https:\/\/cberutti-cba.infd.edu.ar\/sitio\/wp-content\/uploads\/2020\/06\/guitarra-fender-1000x539.jpg 1000w, https:\/\/cberutti-cba.infd.edu.ar\/sitio\/wp-content\/uploads\/2020\/06\/guitarra-fender-768x414.jpg 768w, https:\/\/cberutti-cba.infd.edu.ar\/sitio\/wp-content\/uploads\/2020\/06\/guitarra-fender.jpg 1189w\" sizes=\"(max-width: 551px) 100vw, 551px\" \/><\/h2>\n<h2><span style=\"color: #ff6600;\">Profesorado de M\u00fasica<\/span><\/h2>\n<p>El Conservatorio Superior de M\u00fasica \u201cArturo Berutti\u201d es el \u00fanico Instituto de M\u00fasica que otorga t\u00edtulos docentes oficiales con validez nacional en un radio aproximado de 200 kil\u00f3metros.<br \/>\nLos egresados del Profesorado de M\u00fasica ejercen la docencia en el \u00e1rea de la Educaci\u00f3n Musical en los distintos niveles del Sistema Educativo (Inicial, Primario y Secundario). A su vez, se desempe\u00f1an en establecimientos del \u00e1mbito p\u00fablico o privado, integrando elencos locales como bandas y coros, o realizando arreglos y composiciones.<br \/>\nLa formaci\u00f3n docente del Profesorado de M\u00fasica busca promover actitudes de profesionalizaci\u00f3n desarrollando en los estudiantes capacidades, habilidades y saberes para su inclusi\u00f3n en el mundo del trabajo, la sociedad y la cultura. <a href=\"https:\/\/cberutti-cba.infd.edu.ar\/sitio\/profesorado-de-musica\/\">Conoc\u00e9 m\u00e1s.<\/a><\/p>\n<h2><span style=\"color: #ff6600;\">Ciclo Art\u00edstico Vocacional Infantil<\/span><\/h2>\n<p>Es un primer acercamiento entre la m\u00fasica y el\/la ni\u00f1o\/a, con un fuerte \u00e9nfasis en los elementos sociales y art\u00edsticos que proporciona el arte musical.\u00a0A trav\u00e9s de la m\u00fasica el\/la ni\u00f1o\/a experimenta un proceso de vivencias donde se involucra lo sensorial, emocional, afectivo e intelectual logrando incorporar gradualmente los c\u00f3digos del lenguaje y de la producci\u00f3n musical.<\/p>\n<p>En la modalidad taller se pretende propiciar el intercambio y la construcci\u00f3n colectiva de aprendizajes art\u00edsticos significativos. <a href=\"https:\/\/cberutti-cba.infd.edu.ar\/sitio\/ciclo-artistico-vocacional-infantil\/\">Conoc\u00e9 m\u00e1s<\/a><\/p>\n<h2><span style=\"color: #ff6600;\">Ciclo Art\u00edstico Vocacional<\/span><\/h2>\n<p>Este Ciclo brinda un marco especializado que permite el desempe\u00f1o en el campo musical, combinando \u00e1reas de lectura y pr\u00e1ctica orientadas a la producci\u00f3n activa de m\u00fasica, de forma individual y\/o grupal por parte del estudiante.<\/p>\n<p>Tiene diversas orientaciones musicales, como canto, piano, guitarra, saxof\u00f3n, clarinete, viol\u00edn, entre otros, y abarca todas las \u00e1reas curriculares relacionadas con el campo profesional de la m\u00fasica. <a href=\"https:\/\/cberutti-cba.infd.edu.ar\/sitio\/ciclo-artistico-vocacional\/\">Conoc\u00e9 m\u00e1s<\/a><\/p>\n<h2><span style=\"color: #ff6600;\">Talleres<\/span><\/h2>\n<p>Mediante nuestra amplia oferta de talleres, se abarcan distintas \u00e1reas de inter\u00e9s y necesidad para la sociedad en general, relacionadas con la m\u00fasica. El cat\u00e1logo de talleres tiene un s\u00f3lido car\u00e1cter de inclusi\u00f3n y ofrece una extensa variedad de actividades de aprendizaje y socializaci\u00f3n, teniendo a la m\u00fasica como eje profesional principal. <a href=\"https:\/\/cberutti-cba.infd.edu.ar\/sitio\/talleres\/\">Conoc\u00e9 m\u00e1s<\/a><\/p>\n<h2><span style=\"color: #ff6600;\">Coros<\/span><\/h2>\n<p>El conservatorio cuenta con 3 elencos Corales, cada uno de ellos orientado a distintos intereses y grupos de personas. <a href=\"https:\/\/cberutti-cba.infd.edu.ar\/sitio\/coros\/\">Conoc\u00e9 m\u00e1s<\/a><\/p>\n","protected":false},"excerpt":{"rendered":"<p>Profesorado de M\u00fasica El Conservatorio Superior de M\u00fasica \u201cArturo Berutti\u201d es el \u00fanico Instituto de M\u00fasica que otorga t\u00edtulos docentes oficiales con validez nacional en un radio aproximado de 200 kil\u00f3metros. Los egresados del Profesorado de M\u00fasica ejercen la docencia en el \u00e1rea de la Educaci\u00f3n Musical en los distintos niveles del Sistema Educativo (Inicial, &#8230; <a title=\"OFERTA ACAD\u00c9MICA\" class=\"read-more\" href=\"https:\/\/cberutti-cba.infd.edu.ar\/sitio\/oferta-academica\/\" aria-label=\"More on OFERTA ACAD\u00c9MICA\">[+]<\/a><\/p>\n","protected":false},"author":32,"featured_media":0,"parent":0,"menu_order":0,"comment_status":"closed","ping_status":"closed","template":"","meta":[],"acf":[],"_links":{"self":[{"href":"https:\/\/cberutti-cba.infd.edu.ar\/sitio\/wp-json\/wp\/v2\/pages\/919"}],"collection":[{"href":"https:\/\/cberutti-cba.infd.edu.ar\/sitio\/wp-json\/wp\/v2\/pages"}],"about":[{"href":"https:\/\/cberutti-cba.infd.edu.ar\/sitio\/wp-json\/wp\/v2\/types\/page"}],"author":[{"embeddable":true,"href":"https:\/\/cberutti-cba.infd.edu.ar\/sitio\/wp-json\/wp\/v2\/users\/32"}],"replies":[{"embeddable":true,"href":"https:\/\/cberutti-cba.infd.edu.ar\/sitio\/wp-json\/wp\/v2\/comments?post=919"}],"version-history":[{"count":9,"href":"https:\/\/cberutti-cba.infd.edu.ar\/sitio\/wp-json\/wp\/v2\/pages\/919\/revisions"}],"predecessor-version":[{"id":1112,"href":"https:\/\/cberutti-cba.infd.edu.ar\/sitio\/wp-json\/wp\/v2\/pages\/919\/revisions\/1112"}],"wp:attachment":[{"href":"https:\/\/cberutti-cba.infd.edu.ar\/sitio\/wp-json\/wp\/v2\/media?parent=919"}],"curies":[{"name":"wp","href":"https:\/\/api.w.org\/{rel}","templated":true}]}}