{"id":861,"date":"2020-06-25T15:29:09","date_gmt":"2020-06-25T18:29:09","guid":{"rendered":"https:\/\/cberutti-cba.infd.edu.ar\/sitio\/?page_id=861"},"modified":"2022-11-16T19:17:47","modified_gmt":"2022-11-16T22:17:47","slug":"talleres","status":"publish","type":"page","link":"https:\/\/cberutti-cba.infd.edu.ar\/sitio\/talleres\/","title":{"rendered":"Talleres"},"content":{"rendered":"<h2>TALLERES<\/h2>\n<ul>\n<li><em><strong>Taller Especial de Expresi\u00f3n Musical.<\/strong><\/em><\/li>\n<li><em><strong>Taller de M\u00fasica Popular: piano o guitarra.<\/strong><\/em><\/li>\n<li><em><strong>Taller de M\u00fasica para No Videntes.<\/strong><\/em><\/li>\n<li><em><strong>Taller Peque\u00f1os Instrumentistas. <\/strong><\/em>De 5 a 7 a\u00f1os.<\/li>\n<li><em><strong>Taller de Viol\u00edn M\u00e9todo Suzuki. <\/strong><\/em>De 3 a 7 a\u00f1os.<\/li>\n<\/ul>\n<h2>Inscripci\u00f3n sujeta a vacantes en cada taller.<\/h2>\n<p><a href=\"https:\/\/cberutti-cba.infd.edu.ar\/sitio\/inscripciones-2022\/\">Ingres\u00e1 aqu\u00ed\u00a0<\/a><\/p>\n<p><strong>\u00bfTen\u00e9s dudas?<\/strong> Contactanos por correo\u00a0<a href=\"mailto:preceptoriaconserberutti@gmail.com\">preceptoriaconserberutti@gmail.com<\/a>\u00a0 \u00a0y responderemos a la brevedad.<\/p>\n","protected":false},"excerpt":{"rendered":"<p>TALLERES Taller Especial de Expresi\u00f3n Musical. Taller de M\u00fasica Popular: piano o guitarra. Taller de M\u00fasica para No Videntes. Taller Peque\u00f1os Instrumentistas. De 5 a 7 a\u00f1os. Taller de Viol\u00edn M\u00e9todo Suzuki. De 3 a 7 a\u00f1os. Inscripci\u00f3n sujeta a vacantes en cada taller. Ingres\u00e1 aqu\u00ed\u00a0 \u00bfTen\u00e9s dudas? Contactanos por correo\u00a0preceptoriaconserberutti@gmail.com\u00a0 \u00a0y responderemos a la &#8230; <a title=\"Talleres\" class=\"read-more\" href=\"https:\/\/cberutti-cba.infd.edu.ar\/sitio\/talleres\/\" aria-label=\"More on Talleres\">[+]<\/a><\/p>\n","protected":false},"author":32,"featured_media":0,"parent":0,"menu_order":0,"comment_status":"closed","ping_status":"closed","template":"","meta":[],"acf":[],"_links":{"self":[{"href":"https:\/\/cberutti-cba.infd.edu.ar\/sitio\/wp-json\/wp\/v2\/pages\/861"}],"collection":[{"href":"https:\/\/cberutti-cba.infd.edu.ar\/sitio\/wp-json\/wp\/v2\/pages"}],"about":[{"href":"https:\/\/cberutti-cba.infd.edu.ar\/sitio\/wp-json\/wp\/v2\/types\/page"}],"author":[{"embeddable":true,"href":"https:\/\/cberutti-cba.infd.edu.ar\/sitio\/wp-json\/wp\/v2\/users\/32"}],"replies":[{"embeddable":true,"href":"https:\/\/cberutti-cba.infd.edu.ar\/sitio\/wp-json\/wp\/v2\/comments?post=861"}],"version-history":[{"count":15,"href":"https:\/\/cberutti-cba.infd.edu.ar\/sitio\/wp-json\/wp\/v2\/pages\/861\/revisions"}],"predecessor-version":[{"id":1547,"href":"https:\/\/cberutti-cba.infd.edu.ar\/sitio\/wp-json\/wp\/v2\/pages\/861\/revisions\/1547"}],"wp:attachment":[{"href":"https:\/\/cberutti-cba.infd.edu.ar\/sitio\/wp-json\/wp\/v2\/media?parent=861"}],"curies":[{"name":"wp","href":"https:\/\/api.w.org\/{rel}","templated":true}]}}