{"id":855,"date":"2020-06-25T11:59:49","date_gmt":"2020-06-25T14:59:49","guid":{"rendered":"https:\/\/cberutti-cba.infd.edu.ar\/sitio\/?page_id=855"},"modified":"2022-11-16T19:21:05","modified_gmt":"2022-11-16T22:21:05","slug":"ciclo-artistico-vocacional-infantil","status":"publish","type":"page","link":"https:\/\/cberutti-cba.infd.edu.ar\/sitio\/ciclo-artistico-vocacional-infantil\/","title":{"rendered":"Ciclo Art\u00edstico Vocacional Infantil (C.A.V.I.)"},"content":{"rendered":"<p><img decoding=\"async\" loading=\"lazy\" class=\"alignnone wp-image-972\" src=\"https:\/\/cberutti-cba.infd.edu.ar\/sitio\/wp-content\/uploads\/2020\/06\/DSC1987-1000x665.jpg\" alt=\"\" width=\"634\" height=\"422\" srcset=\"https:\/\/cberutti-cba.infd.edu.ar\/sitio\/wp-content\/uploads\/2020\/06\/DSC1987-1000x665.jpg 1000w, https:\/\/cberutti-cba.infd.edu.ar\/sitio\/wp-content\/uploads\/2020\/06\/DSC1987-768x511.jpg 768w, https:\/\/cberutti-cba.infd.edu.ar\/sitio\/wp-content\/uploads\/2020\/06\/DSC1987-1900x1264.jpg 1900w, https:\/\/cberutti-cba.infd.edu.ar\/sitio\/wp-content\/uploads\/2020\/06\/DSC1987.jpg 2000w\" sizes=\"(max-width: 634px) 100vw, 634px\" \/><\/p>\n<p>Es un primer acercamiento entre la m\u00fasica y el\/la ni\u00f1o\/a, con un fuerte \u00e9nfasis en los elementos sociales y art\u00edsticos que proporciona el arte musical. A trav\u00e9s de la m\u00fasica el\/la ni\u00f1o\/a experimenta un proceso de vivencias donde se involucra lo sensorial, emocional, afectivo e intelectual logrando incorporar gradualmente los c\u00f3digos del lenguaje y de la producci\u00f3n musical.<\/p>\n<p>En la modalidad taller se pretende propiciar el intercambio y la construcci\u00f3n colectiva de aprendizajes art\u00edsticos significativos.<\/p>\n<p><strong>CAVI: Ciclo Art\u00edstico Vocacional Infantil:<\/strong> desde 8 a\u00f1os hasta 11 a\u00f1os.<\/p>\n<p><strong>\u00c1reas\/Unidades curriculares:<\/strong> Lenguaje Musical, Conjunto Vocal e Instrumental, Instrumento.<\/p>\n<p><strong>Objetivos:<\/strong><\/p>\n<ul>\n<li>Estimular la sensibilidad del\/la ni\u00f1o\/a frente a la m\u00fasica, cultivando el silencio y la escucha atenta con sentido cr\u00edtico.<\/li>\n<li>Afianzar el lenguaje musical, tomando el cuerpo como el primer instrumento de aprendizaje.<\/li>\n<li>Favorecer la expresi\u00f3n musical placentera a trav\u00e9s del canto, la ejecuci\u00f3n instrumental y el movimiento corporal.<\/li>\n<li>Potenciar la imaginaci\u00f3n, la creatividad, la sensibilidad y la expresi\u00f3n, a trav\u00e9s de diferentes experiencias art\u00edsticas.<\/li>\n<li>Iniciar el desarrollo de capacidades b\u00e1sicas para generar vivencias musicales significativas.<\/li>\n<li>Construir las representaciones sonoras partiendo de la diversificaci\u00f3n de experiencias auditivas, explorando las posibilidades sonoras a trav\u00e9s de la voz para acceder a la escritura y al c\u00f3digo musical.<\/li>\n<\/ul>\n<h2>Inscripci\u00f3n<\/h2>\n<p><a href=\"https:\/\/cberutti-cba.infd.edu.ar\/sitio\/inscripciones-2022\/\">Ingres\u00e1 aqu\u00ed&nbsp;<\/a><\/p>\n<p>\u00bfTen\u00e9s alguna duda? <a href=\"https:\/\/cberutti-cba.infd.edu.ar\/sitio\/contacto\/\">Contactanos<\/a> para que podamos asesorarte<\/p>\n","protected":false},"excerpt":{"rendered":"<p>Es un primer acercamiento entre la m\u00fasica y el\/la ni\u00f1o\/a, con un fuerte \u00e9nfasis en los elementos sociales y art\u00edsticos que proporciona el arte musical. A trav\u00e9s de la m\u00fasica el\/la ni\u00f1o\/a experimenta un proceso de vivencias donde se involucra lo sensorial, emocional, afectivo e intelectual logrando incorporar gradualmente los c\u00f3digos del lenguaje y de &#8230; <a title=\"Ciclo Art\u00edstico Vocacional Infantil (C.A.V.I.)\" class=\"read-more\" href=\"https:\/\/cberutti-cba.infd.edu.ar\/sitio\/ciclo-artistico-vocacional-infantil\/\" aria-label=\"More on Ciclo Art\u00edstico Vocacional Infantil (C.A.V.I.)\">[+]<\/a><\/p>\n","protected":false},"author":32,"featured_media":0,"parent":0,"menu_order":0,"comment_status":"closed","ping_status":"closed","template":"","meta":[],"acf":[],"_links":{"self":[{"href":"https:\/\/cberutti-cba.infd.edu.ar\/sitio\/wp-json\/wp\/v2\/pages\/855"}],"collection":[{"href":"https:\/\/cberutti-cba.infd.edu.ar\/sitio\/wp-json\/wp\/v2\/pages"}],"about":[{"href":"https:\/\/cberutti-cba.infd.edu.ar\/sitio\/wp-json\/wp\/v2\/types\/page"}],"author":[{"embeddable":true,"href":"https:\/\/cberutti-cba.infd.edu.ar\/sitio\/wp-json\/wp\/v2\/users\/32"}],"replies":[{"embeddable":true,"href":"https:\/\/cberutti-cba.infd.edu.ar\/sitio\/wp-json\/wp\/v2\/comments?post=855"}],"version-history":[{"count":10,"href":"https:\/\/cberutti-cba.infd.edu.ar\/sitio\/wp-json\/wp\/v2\/pages\/855\/revisions"}],"predecessor-version":[{"id":1550,"href":"https:\/\/cberutti-cba.infd.edu.ar\/sitio\/wp-json\/wp\/v2\/pages\/855\/revisions\/1550"}],"wp:attachment":[{"href":"https:\/\/cberutti-cba.infd.edu.ar\/sitio\/wp-json\/wp\/v2\/media?parent=855"}],"curies":[{"name":"wp","href":"https:\/\/api.w.org\/{rel}","templated":true}]}}