{"id":851,"date":"2020-06-25T11:54:54","date_gmt":"2020-06-25T14:54:54","guid":{"rendered":"https:\/\/cberutti-cba.infd.edu.ar\/sitio\/?page_id=851"},"modified":"2022-11-16T19:20:15","modified_gmt":"2022-11-16T22:20:15","slug":"profesorado-de-musica","status":"publish","type":"page","link":"https:\/\/cberutti-cba.infd.edu.ar\/sitio\/profesorado-de-musica\/","title":{"rendered":"Profesorado de M\u00fasica"},"content":{"rendered":"<p><img decoding=\"async\" loading=\"lazy\" class=\"wp-image-1003 alignnone\" src=\"https:\/\/cberutti-cba.infd.edu.ar\/sitio\/wp-content\/uploads\/2020\/06\/PIXNIO-230074-4058x2705-1000x667.jpg\" alt=\"\" width=\"590\" height=\"393\" srcset=\"https:\/\/cberutti-cba.infd.edu.ar\/sitio\/wp-content\/uploads\/2020\/06\/PIXNIO-230074-4058x2705-1000x667.jpg 1000w, https:\/\/cberutti-cba.infd.edu.ar\/sitio\/wp-content\/uploads\/2020\/06\/PIXNIO-230074-4058x2705-768x512.jpg 768w, https:\/\/cberutti-cba.infd.edu.ar\/sitio\/wp-content\/uploads\/2020\/06\/PIXNIO-230074-4058x2705-1900x1266.jpg 1900w, https:\/\/cberutti-cba.infd.edu.ar\/sitio\/wp-content\/uploads\/2020\/06\/PIXNIO-230074-4058x2705.jpg 2000w\" sizes=\"(max-width: 590px) 100vw, 590px\" \/><\/p>\n<p>El Conservatorio Superior de M\u00fasica \u201cArturo Berutti\u201d es el \u00fanico Instituto de M\u00fasica que otorga t\u00edtulos docentes oficiales con validez nacional en un radio aproximado de 200 kil\u00f3metros.<br \/>\nLos egresados del Profesorado de M\u00fasica ejercen la docencia en el \u00e1rea de la Educaci\u00f3n Musical en los distintos niveles del Sistema Educativo (Inicial, Primario y Secundario). A su vez, se desempe\u00f1an en establecimientos del \u00e1mbito p\u00fablico o privado, integrando elencos locales como bandas y coros, o realizando arreglos y composiciones.<br \/>\nLa formaci\u00f3n docente del Profesorado de M\u00fasica busca promover actitudes de profesionalizaci\u00f3n desarrollando en los estudiantes capacidades, habilidades y saberes para su inclusi\u00f3n en el mundo del trabajo, la sociedad y la cultura.<\/p>\n<ul>\n<li>Profesorado de M\u00fasica: T\u00edtulo con validez oficial nacional.<\/li>\n<li>Duraci\u00f3n 4 a\u00f1os.<\/li>\n<li>Cursado presencial.<\/li>\n<li>Amplia salida laboral.<\/li>\n<li>Acceso a becas.<\/li>\n<li>Boleto Educativo Gratuito.<\/li>\n<\/ul>\n<h3>\u00a1Mir\u00e1 lo que nuestros alumnos piensan del Profesorado!<\/h3>\n<p><iframe loading=\"lazy\" src=\"https:\/\/www.youtube.com\/embed\/a0ug9fjo7iU\" width=\"560\" height=\"315\" frameborder=\"0\" allowfullscreen=\"allowfullscreen\"><\/iframe><\/p>\n<h2>Plan de Estudio<\/h2>\n<p>En el siguiente enlace se puede visualizar y descargar el Plan de Estudio completo de la carrera de Profesorado de M\u00fasica:<\/p>\n<p><a href=\"https:\/\/cberutti-cba.infd.edu.ar\/sitio\/wp-content\/uploads\/2020\/06\/Plan-de-Estudio-del-Profesorado-de-M\u00fasica.pdf\" target=\"_blank\" rel=\"noopener\">Plan de Estudio<\/a><\/p>\n<h2>R\u00e9gimen de Correlatividades<\/h2>\n<p>En el siguiente enlace se puede consultar el R\u00e9gimen de Correlatividades que corresponde a la carrera de Profesorado de M\u00fasica:<\/p>\n<p><a href=\"https:\/\/cberutti-cba.infd.edu.ar\/sitio\/wp-content\/uploads\/2020\/06\/Correlatividades-del-Profesorado-de-M\u00fasica.pdf\" target=\"_blank\" rel=\"noopener\">R\u00e9gimen de Correlatividades<\/a><\/p>\n<h2>Reglamento Acad\u00e9mico Institucional<\/h2>\n<p>A continuaci\u00f3n se puede consultar el R\u00e9gimen Acad\u00e9mico Marco en el que se encuadra el Reglamento Acad\u00e9mico Institucional del Conservatorio:<\/p>\n<p><a href=\"https:\/\/dges-cba.infd.edu.ar\/sitio\/upload\/resol_RAM_412.pdf\">R\u00e9gimen Acad\u00e9mico Marco de la Provincia de C\u00f3rdoba\u00a0<\/a><\/p>\n<h2>Inscripci\u00f3n<\/h2>\n<p><a href=\"https:\/\/cberutti-cba.infd.edu.ar\/sitio\/inscripciones-2022\/\">Ingres\u00e1 aqu\u00ed<\/a><\/p>\n<p>\u00bfTen\u00e9s dudas? <a href=\"https:\/\/cberutti-cba.infd.edu.ar\/sitio\/contacto\/\">Contactanos<\/a> para que podamos asesorarte<\/p>\n","protected":false},"excerpt":{"rendered":"<p>El Conservatorio Superior de M\u00fasica \u201cArturo Berutti\u201d es el \u00fanico Instituto de M\u00fasica que otorga t\u00edtulos docentes oficiales con validez nacional en un radio aproximado de 200 kil\u00f3metros. Los egresados del Profesorado de M\u00fasica ejercen la docencia en el \u00e1rea de la Educaci\u00f3n Musical en los distintos niveles del Sistema Educativo (Inicial, Primario y Secundario). &#8230; <a title=\"Profesorado de M\u00fasica\" class=\"read-more\" href=\"https:\/\/cberutti-cba.infd.edu.ar\/sitio\/profesorado-de-musica\/\" aria-label=\"More on Profesorado de M\u00fasica\">[+]<\/a><\/p>\n","protected":false},"author":32,"featured_media":0,"parent":0,"menu_order":0,"comment_status":"closed","ping_status":"closed","template":"","meta":[],"acf":[],"_links":{"self":[{"href":"https:\/\/cberutti-cba.infd.edu.ar\/sitio\/wp-json\/wp\/v2\/pages\/851"}],"collection":[{"href":"https:\/\/cberutti-cba.infd.edu.ar\/sitio\/wp-json\/wp\/v2\/pages"}],"about":[{"href":"https:\/\/cberutti-cba.infd.edu.ar\/sitio\/wp-json\/wp\/v2\/types\/page"}],"author":[{"embeddable":true,"href":"https:\/\/cberutti-cba.infd.edu.ar\/sitio\/wp-json\/wp\/v2\/users\/32"}],"replies":[{"embeddable":true,"href":"https:\/\/cberutti-cba.infd.edu.ar\/sitio\/wp-json\/wp\/v2\/comments?post=851"}],"version-history":[{"count":16,"href":"https:\/\/cberutti-cba.infd.edu.ar\/sitio\/wp-json\/wp\/v2\/pages\/851\/revisions"}],"predecessor-version":[{"id":1549,"href":"https:\/\/cberutti-cba.infd.edu.ar\/sitio\/wp-json\/wp\/v2\/pages\/851\/revisions\/1549"}],"wp:attachment":[{"href":"https:\/\/cberutti-cba.infd.edu.ar\/sitio\/wp-json\/wp\/v2\/media?parent=851"}],"curies":[{"name":"wp","href":"https:\/\/api.w.org\/{rel}","templated":true}]}}