{"id":286,"date":"2016-10-31T13:17:59","date_gmt":"2016-10-31T16:17:59","guid":{"rendered":"https:\/\/cberutti-cba.infd.edu.ar\/sitio\/?page_id=286"},"modified":"2024-08-19T17:28:17","modified_gmt":"2024-08-19T20:28:17","slug":"inicio","status":"publish","type":"page","link":"https:\/\/cberutti-cba.infd.edu.ar\/sitio\/","title":{"rendered":"Inicio"},"content":{"rendered":"<div id=\"metaslider-id-938\" style=\"width: 100%;\" class=\"ml-slider-3-33-0 metaslider metaslider-flex metaslider-938 ml-slider ms-theme-default\" role=\"region\" aria-roledescription=\"Slideshow\" aria-label=\"Slideshow\">\n    <div id=\"metaslider_container_938\">\n        <div id=\"metaslider_938\" class=\"flexslider\">\n            <ul aria-live=\"polite\" class=\"slides\">\n                <li style=\"display: block; width: 100%;\" class=\"slide-940 ms-image\" aria-roledescription=\"slide\" aria-label=\"slide-940\"><img src=\"https:\/\/cberutti-cba.infd.edu.ar\/sitio\/wp-content\/uploads\/2022\/08\/20220818_140254-scaled-1200x600.jpg\" height=\"600\" width=\"1200\" alt=\"\" class=\"slider-938 slide-940\" title=\"20220818_140254\" \/><\/li>\n                <li style=\"display: none; width: 100%;\" class=\"slide-941 ms-image\" aria-roledescription=\"slide\" aria-label=\"slide-941\"><img src=\"https:\/\/cberutti-cba.infd.edu.ar\/sitio\/wp-content\/uploads\/2022\/08\/WhatsApp-Image-2022-08-25-at-5.39.03-PM-1200x600.jpeg\" height=\"600\" width=\"1200\" alt=\"\" class=\"slider-938 slide-941\" title=\"WhatsApp Image 2022-08-25 at 5.39.03 PM\" \/><\/li>\n                <li style=\"display: none; width: 100%;\" class=\"slide-944 ms-image\" aria-roledescription=\"slide\" aria-label=\"slide-944\"><img src=\"https:\/\/cberutti-cba.infd.edu.ar\/sitio\/wp-content\/uploads\/2022\/08\/WhatsApp-Image-2022-08-25-at-5.29.58-PM-1200x600.jpeg\" height=\"600\" width=\"1200\" alt=\"\" class=\"slider-938 slide-944\" title=\"WhatsApp Image 2022-08-25 at 5.29.58 PM\" \/><\/li>\n                <li style=\"display: none; width: 100%;\" class=\"slide-984 ms-image\" aria-roledescription=\"slide\" aria-label=\"slide-984\"><img src=\"https:\/\/cberutti-cba.infd.edu.ar\/sitio\/wp-content\/uploads\/2022\/08\/WhatsApp-Image-2022-08-25-at-5.24.26-PM-900x450.jpeg\" height=\"600\" width=\"1200\" alt=\"\" class=\"slider-938 slide-984\" title=\"WhatsApp Image 2022-08-25 at 5.24.26 PM\" \/><\/li>\n                <li style=\"display: none; width: 100%;\" class=\"slide-985 ms-image\" aria-roledescription=\"slide\" aria-label=\"slide-985\"><img src=\"https:\/\/cberutti-cba.infd.edu.ar\/sitio\/wp-content\/uploads\/2022\/08\/20220818_122827-scaled-1200x600.jpg\" height=\"600\" width=\"1200\" alt=\"\" class=\"slider-938 slide-985\" title=\"20220818_122827\" \/><\/li>\n                <li style=\"display: none; width: 100%;\" class=\"slide-986 ms-image\" aria-roledescription=\"slide\" aria-label=\"slide-986\"><img src=\"https:\/\/cberutti-cba.infd.edu.ar\/sitio\/wp-content\/uploads\/2022\/08\/WhatsApp-Image-2022-08-25-at-5.22.37-PM-900x450.jpeg\" height=\"600\" width=\"1200\" alt=\"\" class=\"slider-938 slide-986\" title=\"WhatsApp Image 2022-08-25 at 5.22.37 PM\" \/><\/li>\n                <li style=\"display: none; width: 100%;\" class=\"slide-987 ms-image\" aria-roledescription=\"slide\" aria-label=\"slide-987\"><img src=\"https:\/\/cberutti-cba.infd.edu.ar\/sitio\/wp-content\/uploads\/2022\/08\/WhatsApp-Image-2022-08-25-at-5.20.36-PM-1200x600.jpeg\" height=\"600\" width=\"1200\" alt=\"\" class=\"slider-938 slide-987\" title=\"WhatsApp Image 2022-08-25 at 5.20.36 PM\" \/><\/li>\n                <li style=\"display: none; width: 100%;\" class=\"slide-988 ms-image\" aria-roledescription=\"slide\" aria-label=\"slide-988\"><img src=\"https:\/\/cberutti-cba.infd.edu.ar\/sitio\/wp-content\/uploads\/2022\/08\/20220818_135515-scaled-1200x600.jpg\" height=\"600\" width=\"1200\" alt=\"\" class=\"slider-938 slide-988\" title=\"20220818_135515\" \/><\/li>\n                <li style=\"display: none; width: 100%;\" class=\"slide-993 ms-image\" aria-roledescription=\"slide\" aria-label=\"slide-993\"><img src=\"https:\/\/cberutti-cba.infd.edu.ar\/sitio\/wp-content\/uploads\/2022\/08\/WhatsApp-Image-2022-08-25-at-5.29.02-PM-1200x600.jpeg\" height=\"600\" width=\"1200\" alt=\"\" class=\"slider-938 slide-993\" title=\"WhatsApp Image 2022-08-25 at 5.29.02 PM\" \/><\/li>\n                <li style=\"display: none; width: 100%;\" class=\"slide-994 ms-image\" aria-roledescription=\"slide\" aria-label=\"slide-994\"><img src=\"https:\/\/cberutti-cba.infd.edu.ar\/sitio\/wp-content\/uploads\/2022\/08\/IMG_0206-1-scaled-1200x600.jpg\" height=\"600\" width=\"1200\" alt=\"\" class=\"slider-938 slide-994\" title=\"IMG_0206\" \/><\/li>\n                <li style=\"display: none; width: 100%;\" class=\"slide-995 ms-image\" aria-roledescription=\"slide\" aria-label=\"slide-995\"><img src=\"https:\/\/cberutti-cba.infd.edu.ar\/sitio\/wp-content\/uploads\/2022\/08\/WhatsApp-Image-2022-08-25-at-5.21.15-PM-1200x600.jpeg\" height=\"600\" width=\"1200\" alt=\"\" class=\"slider-938 slide-995\" title=\"WhatsApp Image 2022-08-25 at 5.21.15 PM\" \/><\/li>\n                <li style=\"display: none; width: 100%;\" class=\"slide-996 ms-image\" aria-roledescription=\"slide\" aria-label=\"slide-996\"><img src=\"https:\/\/cberutti-cba.infd.edu.ar\/sitio\/wp-content\/uploads\/2022\/08\/20220823_171846-scaled-1200x600.jpg\" height=\"600\" width=\"1200\" alt=\"\" class=\"slider-938 slide-996\" title=\"20220823_171846\" \/><\/li>\n                <li style=\"display: none; width: 100%;\" class=\"slide-1512 ms-image\" aria-roledescription=\"slide\" aria-label=\"slide-1512\"><img src=\"https:\/\/cberutti-cba.infd.edu.ar\/sitio\/wp-content\/uploads\/2022\/08\/20211125_203656-scaled-1200x600.jpg\" height=\"600\" width=\"1200\" alt=\"\" class=\"slider-938 slide-1512\" title=\"20211125_203656\" \/><\/li>\n                <li style=\"display: none; width: 100%;\" class=\"slide-1513 ms-image\" aria-roledescription=\"slide\" aria-label=\"slide-1513\"><img src=\"https:\/\/cberutti-cba.infd.edu.ar\/sitio\/wp-content\/uploads\/2022\/08\/murga-2-1200x600.png\" height=\"600\" width=\"1200\" alt=\"\" class=\"slider-938 slide-1513\" title=\"murga-2\" \/><\/li>\n            <\/ul>\n        <\/div>\n        \n    <\/div>\n<\/div>\n<p style=\"text-align: center;\"><strong>El Conservatorio Superior de M\u00fasica \u00abArturo Berutti\u00bb es reconocido como una instituci\u00f3n prestigiosa, con alto nivel acad\u00e9mico musical en la ciudad de San Francisco y la regi\u00f3n. Una instituci\u00f3n que ha ido creciendo en forma paulatina y sostenida, a trav\u00e9s de la incorporaci\u00f3n de nuevos instrumentos en las propuestas de estudio: Piano, Guitarra, Saxof\u00f3n, Clarinete, Flauta Traversa, Percusi\u00f3n, Viol\u00edn, Violoncello, Oboe y Canto. \u00a1Te invitamos a conocer nuestras propuestas formativas!<\/strong><\/p>\n<hr \/>\n<h2 style=\"text-align: center;\"><a href=\"https:\/\/cberutti-cba.infd.edu.ar\/sitio\/oferta-academica\/\"><span style=\"color: #ff6600;\">NUESTRA OFERTA ACAD\u00c9MICA<\/span><\/a><\/h2>\n<hr \/>\n<h2 style=\"text-align: center;\"><a href=\"https:\/\/cberutti-cba.infd.edu.ar\/sitio\/inscripciones-2022\/\"><span style=\"color: #ff6600;\">INSCRIPCIONES <\/span><\/a><\/h2>\n<hr \/>\n<h2 style=\"text-align: center;\"><span style=\"color: #ff9900;\"><a href=\"https:\/\/cberutti-cba.infd.edu.ar\/sitio\/blog\/\"><span style=\"color: #ff6600;\">\u00daLTIMAS NOVEDADES<\/span><\/a>\u00a0<\/span><\/h2>\n<hr \/>\n<h2 style=\"text-align: center;\"><a href=\"https:\/\/cberutti-cba.infd.edu.ar\/sitio\/contacto\/\"><span style=\"color: #ff6600;\">CONTACTANOS<\/span><\/a><\/h2>\n<hr \/>\n<p style=\"text-align: center;\">Junto con varios cientos de Institutos, integramos la\u00a0<strong><em>Red Virtual de Institutos Superiores de Formaci\u00f3n Docente\u00a0<\/em><\/strong>coordinada por el\u00a0<strong>INFD<\/strong>\u00a0(Instituto Nacional de Formaci\u00f3n Docente) dependiente del Ministerio de Educaci\u00f3n de la Naci\u00f3n Argentina.<\/p>\n","protected":false},"excerpt":{"rendered":"<p>El Conservatorio Superior de M\u00fasica \u00abArturo Berutti\u00bb es reconocido como una instituci\u00f3n prestigiosa, con alto nivel acad\u00e9mico musical en la ciudad de San Francisco y la regi\u00f3n. Una instituci\u00f3n que ha ido creciendo en forma paulatina y sostenida, a trav\u00e9s de la incorporaci\u00f3n de nuevos instrumentos en las propuestas de estudio: Piano, Guitarra, Saxof\u00f3n, Clarinete, &#8230; <a title=\"Inicio\" class=\"read-more\" href=\"https:\/\/cberutti-cba.infd.edu.ar\/sitio\/\" aria-label=\"More on Inicio\">[+]<\/a><\/p>\n","protected":false},"author":1,"featured_media":0,"parent":0,"menu_order":0,"comment_status":"closed","ping_status":"closed","template":"","meta":[],"acf":[],"_links":{"self":[{"href":"https:\/\/cberutti-cba.infd.edu.ar\/sitio\/wp-json\/wp\/v2\/pages\/286"}],"collection":[{"href":"https:\/\/cberutti-cba.infd.edu.ar\/sitio\/wp-json\/wp\/v2\/pages"}],"about":[{"href":"https:\/\/cberutti-cba.infd.edu.ar\/sitio\/wp-json\/wp\/v2\/types\/page"}],"author":[{"embeddable":true,"href":"https:\/\/cberutti-cba.infd.edu.ar\/sitio\/wp-json\/wp\/v2\/users\/1"}],"replies":[{"embeddable":true,"href":"https:\/\/cberutti-cba.infd.edu.ar\/sitio\/wp-json\/wp\/v2\/comments?post=286"}],"version-history":[{"count":144,"href":"https:\/\/cberutti-cba.infd.edu.ar\/sitio\/wp-json\/wp\/v2\/pages\/286\/revisions"}],"predecessor-version":[{"id":1595,"href":"https:\/\/cberutti-cba.infd.edu.ar\/sitio\/wp-json\/wp\/v2\/pages\/286\/revisions\/1595"}],"wp:attachment":[{"href":"https:\/\/cberutti-cba.infd.edu.ar\/sitio\/wp-json\/wp\/v2\/media?parent=286"}],"curies":[{"name":"wp","href":"https:\/\/api.w.org\/{rel}","templated":true}]}}