{"id":1113,"date":"2020-11-24T13:28:07","date_gmt":"2020-11-24T16:28:07","guid":{"rendered":"https:\/\/cberutti-cba.infd.edu.ar\/sitio\/?page_id=1113"},"modified":"2020-12-16T17:59:15","modified_gmt":"2020-12-16T20:59:15","slug":"trayecto-artistico-profesional","status":"publish","type":"page","link":"https:\/\/cberutti-cba.infd.edu.ar\/sitio\/trayecto-artistico-profesional\/","title":{"rendered":"TRAYECTO ART\u00cdSTICO PROFESIONAL"},"content":{"rendered":"<p style=\"text-align: center;\"><strong>\u00a0TRAYECTO ART\u00cdSTICO PROFESIONAL (T.A.P.) <\/strong><\/p>\n<p style=\"text-align: center;\"><strong>Si sos estudiante del T.A.P. <a href=\"https:\/\/cberutti-cba.infd.edu.ar\/sitio\/inscripcion-trayecto-artistico-profesional\/\">ingres\u00e1 aqu\u00ed para inscribirte<\/a><\/strong><\/p>\n<p>&nbsp;<\/p>\n<p style=\"text-align: center;\">Es un trayecto formativo musical de nivel medio con orientaci\u00f3n en instrumento o canto.<\/p>\n<p style=\"text-align: center;\">Esta carrera se encuentra en proceso de transformaci\u00f3n, articul\u00e1ndose con el nuevo plan:<\/p>\n<p style=\"text-align: center;\"><a href=\"https:\/\/cberutti-cba.infd.edu.ar\/sitio\/ciclo-artistico-vocacional-infantil\/\">Ciclo Art\u00edstico Vocacional Infantil (C.A.V.I.)<\/a><\/p>\n<p style=\"text-align: center;\"><a href=\"https:\/\/cberutti-cba.infd.edu.ar\/sitio\/ciclo-artistico-vocacional\/\">Ciclo Art\u00edstico Vocacional (C.A.V)<\/a><\/p>\n<p>&nbsp;<\/p>\n<p><strong>\u00bfTen\u00e9s dudas?<\/strong> Consultanos\u00a0 al correo\u00a0\u00a0<a href=\"mailto:preceptoriaconserberutti@gmail.com\">preceptoriaconserberutti@gmail.com\u00a0<\/a>y responderemos a la brevedad para asesorarte.<\/p>\n","protected":false},"excerpt":{"rendered":"<p>\u00a0TRAYECTO ART\u00cdSTICO PROFESIONAL (T.A.P.) Si sos estudiante del T.A.P. ingres\u00e1 aqu\u00ed para inscribirte &nbsp; Es un trayecto formativo musical de nivel medio con orientaci\u00f3n en instrumento o canto. Esta carrera se encuentra en proceso de transformaci\u00f3n, articul\u00e1ndose con el nuevo plan: Ciclo Art\u00edstico Vocacional Infantil (C.A.V.I.) Ciclo Art\u00edstico Vocacional (C.A.V) &nbsp; \u00bfTen\u00e9s dudas? Consultanos\u00a0 al &#8230; <a title=\"TRAYECTO ART\u00cdSTICO PROFESIONAL\" class=\"read-more\" href=\"https:\/\/cberutti-cba.infd.edu.ar\/sitio\/trayecto-artistico-profesional\/\" aria-label=\"More on TRAYECTO ART\u00cdSTICO PROFESIONAL\">[+]<\/a><\/p>\n","protected":false},"author":32,"featured_media":0,"parent":0,"menu_order":0,"comment_status":"closed","ping_status":"closed","template":"","meta":[],"acf":[],"_links":{"self":[{"href":"https:\/\/cberutti-cba.infd.edu.ar\/sitio\/wp-json\/wp\/v2\/pages\/1113"}],"collection":[{"href":"https:\/\/cberutti-cba.infd.edu.ar\/sitio\/wp-json\/wp\/v2\/pages"}],"about":[{"href":"https:\/\/cberutti-cba.infd.edu.ar\/sitio\/wp-json\/wp\/v2\/types\/page"}],"author":[{"embeddable":true,"href":"https:\/\/cberutti-cba.infd.edu.ar\/sitio\/wp-json\/wp\/v2\/users\/32"}],"replies":[{"embeddable":true,"href":"https:\/\/cberutti-cba.infd.edu.ar\/sitio\/wp-json\/wp\/v2\/comments?post=1113"}],"version-history":[{"count":10,"href":"https:\/\/cberutti-cba.infd.edu.ar\/sitio\/wp-json\/wp\/v2\/pages\/1113\/revisions"}],"predecessor-version":[{"id":1334,"href":"https:\/\/cberutti-cba.infd.edu.ar\/sitio\/wp-json\/wp\/v2\/pages\/1113\/revisions\/1334"}],"wp:attachment":[{"href":"https:\/\/cberutti-cba.infd.edu.ar\/sitio\/wp-json\/wp\/v2\/media?parent=1113"}],"curies":[{"name":"wp","href":"https:\/\/api.w.org\/{rel}","templated":true}]}}