{"id":1103,"date":"2020-11-24T13:07:05","date_gmt":"2020-11-24T16:07:05","guid":{"rendered":"https:\/\/cberutti-cba.infd.edu.ar\/sitio\/?page_id=1103"},"modified":"2025-12-02T17:36:14","modified_gmt":"2025-12-02T20:36:14","slug":"inscripciones-2022","status":"publish","type":"page","link":"https:\/\/cberutti-cba.infd.edu.ar\/sitio\/inscripciones-2022\/","title":{"rendered":"INSCRIPCIONES"},"content":{"rendered":"\n<p class=\"has-medium-font-size\"><strong> <\/strong><mark style=\"background-color:rgba(0, 0, 0, 0)\" class=\"has-inline-color has-luminous-vivid-orange-color\"><strong>Profesorado de M\u00fasica<\/strong> <\/mark>  <\/p>\n\n\n\n<p>I<strong>NSCRIPCIONES ABIERTAS <\/strong> (s\u00f3lo para ingresantes a 1\u00b0 a\u00f1o)<\/p>\n\n\n\n<ol>\n<li>Gener\u00e1 un Usuario y Clave en <a rel=\"noreferrer noopener\" href=\"https:\/\/cidi.cba.gov.ar\/\" target=\"_blank\">Ciudadano Digital de la Provincia de C\u00f3rdoba (CiDi)<\/a>. Si ya cont\u00e1s con acceso, omit\u00ed este paso.<\/li>\n\n\n\n<li>PRE MATR\u00cdCULA para 1\u00b0 a\u00f1o solamente. <a rel=\"noreferrer noopener\" href=\"https:\/\/www.cba.gov.ar\/gestion-estudiantes\/\" target=\"_blank\">Ingres\u00e1 a este link <\/a>. El sistema te guiar\u00e1. <\/li>\n\n\n\n<li>Complet\u00e1 la Planilla de solicitud de Matr\u00edcula y present\u00e1 en el Conservatorio, de lunes a viernes de 15 a 19 hs. <a href=\"https:\/\/cberutti-cba.infd.edu.ar\/sitio\/wp-content\/uploads\/2025\/12\/Planilla-de-MATRICULA-N.-SUPERIOR-1.pdf\">https:\/\/cberutti-cba.infd.edu.ar\/sitio\/wp-content\/uploads\/2025\/12\/Planilla-de-MATRICULA-N.-SUPERIOR.pdf<\/a><\/li>\n\n\n\n<li>Complet\u00e1 la Ficha M\u00e9dica C.U.S. (con todos los especialistas) desde el siguiente enlace <a href=\"https:\/\/cberutti-cba.infd.edu.ar\/sitio\/wp-content\/uploads\/2025\/08\/Cus-modificado.pdf\" data-type=\"URL\" data-id=\"https:\/\/cberutti-cba.infd.edu.ar\/sitio\/wp-content\/uploads\/2025\/08\/Cus-modificado.pdf\" target=\"_blank\" rel=\"noreferrer noopener\">https:\/\/cberutti-cba.infd.edu.ar\/sitio\/wp-content\/uploads\/2025\/08\/Cus-modificado.pdf<\/a><\/li>\n\n\n\n<li>Complet\u00e1 el I.S.A desde el siguiente enlace  <a href=\"https:\/\/cberutti-cba.infd.edu.ar\/sitio\/wp-content\/uploads\/2025\/04\/ISA-DDJJ_2025.pdf\" target=\"_blank\" rel=\"noreferrer noopener\">https:\/\/cberutti-cba.infd.edu.ar\/sitio\/wp-content\/uploads\/2025\/04\/ISA-DDJJ_2025.pdf<\/a><\/li>\n<\/ol>\n\n\n\n<p class=\"has-medium-font-size\"><strong><span class=\"has-inline-color has-luminous-vivid-orange-color\">Ciclo Art\u00edstico Vocacional Infantil<\/span><\/strong> (C.A.V.I.)<\/p>\n\n\n\n<p>Complet\u00e1 la Planilla de Solicitud de Matr\u00edcula y su anexo y present\u00e1 en el Conservatorio. <a href=\"https:\/\/cberutti-cba.infd.edu.ar\/sitio\/wp-content\/uploads\/2025\/12\/2026-CAVI.pdf\">Planilla de Inscripci\u00f3n<\/a><\/p>\n\n\n\n<p class=\"has-medium-font-size\"><strong><span class=\"has-inline-color has-luminous-vivid-orange-color\">Ciclo Art\u00edstico Vocacional<\/span><\/strong> (C.A.V.)<\/p>\n\n\n\n<p>Complet\u00e1 la Planilla de Solicitud de Matr\u00edcula y su anexo y present\u00e1 en el Conservatorio:<\/p>\n\n\n\n<ol>\n<li>CAV Formaci\u00f3n B\u00e1sica en instrumento. <a href=\"https:\/\/cberutti-cba.infd.edu.ar\/sitio\/wp-content\/uploads\/2025\/12\/2026-CAV-FB-INSTRUMENTO.pdf\">Planilla de Inscripci\u00f3n<\/a><\/li>\n\n\n\n<li>CAV Formaci\u00f3n B\u00e1sica en canto. <a href=\"https:\/\/cberutti-cba.infd.edu.ar\/sitio\/wp-content\/uploads\/2025\/12\/2026-CAV-FB-CANTO.pdf\">Planilla de Inscripci\u00f3n<\/a> <\/li>\n\n\n\n<li>CAV Formaci\u00f3n Avanzada en instrumento. <a href=\"https:\/\/cberutti-cba.infd.edu.ar\/sitio\/wp-content\/uploads\/2025\/12\/2026-CAV-FA-INSTRUMENTO.pdf\">Planilla de Inscripci\u00f3n<\/a> <\/li>\n\n\n\n<li>CAV Formaci\u00f3n Avanzada en canto. <a href=\"https:\/\/cberutti-cba.infd.edu.ar\/sitio\/wp-content\/uploads\/2025\/12\/2026-CAV-FA-CANTO.pdf\">Planilla de Inscripci\u00f3n<\/a>&nbsp; <\/li>\n<\/ol>\n\n\n\n<p class=\"has-medium-font-size\"><strong><span class=\"has-inline-color has-luminous-vivid-orange-color\">Coros<\/span><\/strong><\/p>\n\n\n\n<p>Complet\u00e1 la Planilla de Solicitud de Matr\u00edcula y entregala en el Conservatorio:<\/p>\n\n\n\n<ul>\n<li>Coro Infanto Juvenil. Ni\u00f1os y j\u00f3venes de 10 a 16 a\u00f1os de edad. <a href=\"https:\/\/cberutti-cba.infd.edu.ar\/sitio\/wp-content\/uploads\/2025\/12\/2026-CORO-INFANTO-JUVENIL.pdf\" target=\"_blank\" rel=\"noreferrer noopener\">Planilla de Inscripci\u00f3n<\/a> <\/li>\n\n\n\n<li>Coro \u201cArmon\u00edas\u201d. Destinado a aquellos que desean iniciarse en el canto coral. <a href=\"https:\/\/cberutti-cba.infd.edu.ar\/sitio\/wp-content\/uploads\/2025\/12\/2026-CORO-ARMONIAS.pdf\" target=\"_blank\" rel=\"noreferrer noopener\">Planilla de Inscripci\u00f3n<\/a> <\/li>\n\n\n\n<li>Coro \u00abde Vos a Voz\u00bb. A partir de los 16 a\u00f1os, con experiencia vocal. <a href=\"https:\/\/cberutti-cba.infd.edu.ar\/sitio\/wp-content\/uploads\/2025\/12\/2026-CORO-DE-VOZ-A-VOS-1.pdf\" target=\"_blank\" rel=\"noreferrer noopener\">Planilla de Inscripci\u00f3n<\/a> <\/li>\n<\/ul>\n\n\n\n<p class=\"has-medium-font-size\"><strong><span class=\"has-inline-color has-luminous-vivid-orange-color\">Talleres<\/span><\/strong><\/p>\n\n\n\n<p>Complet\u00e1 la Planilla de Solicitud de Matr\u00edcula y entregala en el Conservatorio:<\/p>\n\n\n\n<ul>\n<li>Taller Especial de Expresi\u00f3n Musical. <a href=\"https:\/\/cberutti-cba.infd.edu.ar\/sitio\/wp-content\/uploads\/2025\/12\/2026-T-E-E-M.pdf\" target=\"_blank\" rel=\"noreferrer noopener\">Planilla de inscripci\u00f3n<\/a><\/li>\n\n\n\n<li>Taller de M\u00fasica Popular: piano. <a href=\"https:\/\/cberutti-cba.infd.edu.ar\/sitio\/wp-content\/uploads\/2025\/12\/2026-TMP-PIANO.pdf\" target=\"_blank\" rel=\"noreferrer noopener\">Planilla de inscripci\u00f3n<\/a><\/li>\n\n\n\n<li>Taller de M\u00fasica Popular: guitarra. <a href=\"https:\/\/cberutti-cba.infd.edu.ar\/sitio\/wp-content\/uploads\/2025\/12\/2026-TMP-GUITARRA.pdf\" target=\"_blank\" rel=\"noreferrer noopener\">Planilla de inscripci\u00f3n<\/a><\/li>\n\n\n\n<li>Taller de M\u00fasica para No Videntes. <a rel=\"noreferrer noopener\" href=\"https:\/\/cberutti-cba.infd.edu.ar\/sitio\/wp-content\/uploads\/2020\/11\/PLANILLA-matr\u00edcula-TALLER-NO-VIDENTES.pdf\" target=\"_blank\">Planilla de inscripci\u00f3n<\/a><\/li>\n\n\n\n<li>Taller Peque\u00f1os Instrumentistas. <a href=\"https:\/\/cberutti-cba.infd.edu.ar\/sitio\/wp-content\/uploads\/2025\/12\/2026-TALLER-PEQUENOS-INSTRUMENTISTAS.pdf\" target=\"_blank\" rel=\"noreferrer noopener\">Planilla de inscripci\u00f3n<\/a><\/li>\n\n\n\n<li>Taller de Viol\u00edn M\u00e9todo Suzuki. <a href=\"https:\/\/cberutti-cba.infd.edu.ar\/sitio\/wp-content\/uploads\/2022\/12\/PLANILLA-matricula-TALLER-VIOLIN-MET.-ZUSUKI.pdf\" target=\"_blank\" rel=\"noreferrer noopener\">Planilla de inscripci\u00f3n<\/a><\/li>\n<\/ul>\n\n\n\n<p class=\"has-medium-font-size\">Si ten\u00e9s alguna duda y\/o consulta, <a href=\"https:\/\/cberutti-cba.infd.edu.ar\/sitio\/contacto\/\">comunicate<\/a> con nosotros.<\/p>\n","protected":false},"excerpt":{"rendered":"<p>Profesorado de M\u00fasica INSCRIPCIONES ABIERTAS (s\u00f3lo para ingresantes a 1\u00b0 a\u00f1o) Ciclo Art\u00edstico Vocacional Infantil (C.A.V.I.) Complet\u00e1 la Planilla de Solicitud de Matr\u00edcula y su anexo y present\u00e1 en el Conservatorio. Planilla de Inscripci\u00f3n Ciclo Art\u00edstico Vocacional (C.A.V.) Complet\u00e1 la Planilla de Solicitud de Matr\u00edcula y su anexo y present\u00e1 en el Conservatorio: Coros Complet\u00e1 &#8230; <a title=\"INSCRIPCIONES\" class=\"read-more\" href=\"https:\/\/cberutti-cba.infd.edu.ar\/sitio\/inscripciones-2022\/\" aria-label=\"More on INSCRIPCIONES\">[+]<\/a><\/p>\n","protected":false},"author":12,"featured_media":0,"parent":0,"menu_order":0,"comment_status":"closed","ping_status":"closed","template":"","meta":[],"acf":[],"_links":{"self":[{"href":"https:\/\/cberutti-cba.infd.edu.ar\/sitio\/wp-json\/wp\/v2\/pages\/1103"}],"collection":[{"href":"https:\/\/cberutti-cba.infd.edu.ar\/sitio\/wp-json\/wp\/v2\/pages"}],"about":[{"href":"https:\/\/cberutti-cba.infd.edu.ar\/sitio\/wp-json\/wp\/v2\/types\/page"}],"author":[{"embeddable":true,"href":"https:\/\/cberutti-cba.infd.edu.ar\/sitio\/wp-json\/wp\/v2\/users\/12"}],"replies":[{"embeddable":true,"href":"https:\/\/cberutti-cba.infd.edu.ar\/sitio\/wp-json\/wp\/v2\/comments?post=1103"}],"version-history":[{"count":57,"href":"https:\/\/cberutti-cba.infd.edu.ar\/sitio\/wp-json\/wp\/v2\/pages\/1103\/revisions"}],"predecessor-version":[{"id":1663,"href":"https:\/\/cberutti-cba.infd.edu.ar\/sitio\/wp-json\/wp\/v2\/pages\/1103\/revisions\/1663"}],"wp:attachment":[{"href":"https:\/\/cberutti-cba.infd.edu.ar\/sitio\/wp-json\/wp\/v2\/media?parent=1103"}],"curies":[{"name":"wp","href":"https:\/\/api.w.org\/{rel}","templated":true}]}}